{"id":931,"date":"2021-07-03T01:15:12","date_gmt":"2021-07-02T23:15:12","guid":{"rendered":"https:\/\/cms.dgsdart.de\/?page_id=931"},"modified":"2021-10-13T15:53:56","modified_gmt":"2021-10-13T13:53:56","slug":"impressum","status":"publish","type":"page","link":"https:\/\/dgsdart.de\/?page_id=931","title":{"rendered":"Impressum"},"content":{"rendered":"\n<p>Verantwortlich f\u00fcr die dargestellten Inhalte ist der Fachwart der Sparte Dart.<\/p>\n\n\n\n<p>Postanschrift<br>Deutscher Geh\u00f6rlosen-Sportverband<\/p>\n\n\n\n<p>Sparte Dart<\/p>\n\n\n\n<p>J\u00fcrgen B\u00fcchner<br>Spreenende 50<br>22543 Hamburg<\/p>\n\n\n\n<p>E-Mail: team(at)dgsdart.de<\/p>\n\n\n\n<p>Inhalt und Struktur von www.dgsdart.de sind urheberrechtlich gesch\u00fctzt. Die Vervielf\u00e4ltigung von Informationen oder Daten, insbesondere die Verwendung von Texten, Textteilen oder Bildmaterial, bedarf der vorherigen Zustimmung der Sparte Dart.<\/p>\n\n\n\n<p>Nutzungsordnung: Der Deutsche Geh\u00f6rlosen-Sportverband Sparte Dart stellt auf seiner Homepage kostenfrei Dokumente und Informationen zum Download bereit. Der Deutsche Geh\u00f6rlosen-Sportverband verweist im Falle des Missbrauchs auf die geltenden gesetzlichen Grundlagen.<\/p>\n\n\n\n<p>F\u00fcr die auf unserer Homepage aufgef\u00fchrten Links m\u00f6chten wir ausdr\u00fccklich darauf hinweisen, dass wir keinerlei Einfluss auf die Inhalte der gelinkten Seiten haben. Diese Erkl\u00e4rung gilt f\u00fcr alle auf unserer Homepage ausgebrachten Links.<\/p>\n","protected":false},"excerpt":{"rendered":"<p>Verantwortlich f\u00fcr die dargestellten Inhalte ist der Fachwart der Sparte Dart. PostanschriftDeutscher Geh\u00f6rlosen-Sportverband Sparte Dart J\u00fcrgen B\u00fcchnerSpreenende 5022543 Hamburg E-Mail: team(at)dgsdart.de Inhalt und Struktur von www.dgsdart.de sind urheberrechtlich gesch\u00fctzt. Die Vervielf\u00e4ltigung von Informationen oder Daten, insbesondere die Verwendung von Texten, Textteilen oder Bildmaterial, bedarf der vorherigen Zustimmung der Sparte Dart. Nutzungsordnung: Der Deutsche Geh\u00f6rlosen-Sportverband Sparte&#46;&#46;&#46;<\/p>\n","protected":false},"author":1,"featured_media":0,"parent":0,"menu_order":0,"comment_status":"closed","ping_status":"closed","template":"","meta":{"footnotes":""},"class_list":["post-931","page","type-page","status-publish","hentry"],"_links":{"self":[{"href":"https:\/\/dgsdart.de\/index.php?rest_route=\/wp\/v2\/pages\/931","targetHints":{"allow":["GET"]}}],"collection":[{"href":"https:\/\/dgsdart.de\/index.php?rest_route=\/wp\/v2\/pages"}],"about":[{"href":"https:\/\/dgsdart.de\/index.php?rest_route=\/wp\/v2\/types\/page"}],"author":[{"embeddable":true,"href":"https:\/\/dgsdart.de\/index.php?rest_route=\/wp\/v2\/users\/1"}],"replies":[{"embeddable":true,"href":"https:\/\/dgsdart.de\/index.php?rest_route=%2Fwp%2Fv2%2Fcomments&post=931"}],"version-history":[{"count":0,"href":"https:\/\/dgsdart.de\/index.php?rest_route=\/wp\/v2\/pages\/931\/revisions"}],"wp:attachment":[{"href":"https:\/\/dgsdart.de\/index.php?rest_route=%2Fwp%2Fv2%2Fmedia&parent=931"}],"curies":[{"name":"wp","href":"https:\/\/api.w.org\/{rel}","templated":true}]}}