{"id":736,"date":"2021-07-02T21:46:56","date_gmt":"2021-07-02T19:46:56","guid":{"rendered":"https:\/\/cms.dgsdart.de\/?page_id=736"},"modified":"2021-07-02T21:47:10","modified_gmt":"2021-07-02T19:47:10","slug":"saison-7-s-dart","status":"publish","type":"page","link":"https:\/\/dgsdart.de\/?page_id=736","title":{"rendered":"Saison 7 (S-Dart)"},"content":{"rendered":"\n<figure class=\"wp-block-table is-style-stripes\"><table><thead><tr><th class=\"has-text-align-center\" data-align=\"center\">Gegner<\/th><th class=\"has-text-align-center\" data-align=\"center\">Legs<\/th><th class=\"has-text-align-center\" data-align=\"center\">Gegner<\/th><th class=\"has-text-align-center\" data-align=\"center\">Ergebnisse<\/th><\/tr><\/thead><tbody><tr><td class=\"has-text-align-center\" data-align=\"center\">Martin (Maddin82) Hesse<\/td><td class=\"has-text-align-center\" data-align=\"center\">5 &#8211; 0<\/td><td class=\"has-text-align-center\" data-align=\"center\">J\u00fcrgen (Murmel66) B\u00fcchner<\/td><td class=\"has-text-align-center\" data-align=\"center\"><a href=\"https:\/\/lidarts.org\/game\/MapHqEyI\" rel=\"noreferrer noopener\" target=\"_blank\">klick<\/a><\/td><\/tr><tr><td class=\"has-text-align-center\" data-align=\"center\">Marco (Badboys) Meger<\/td><td class=\"has-text-align-center\" data-align=\"center\">5 &#8211; 1<\/td><td class=\"has-text-align-center\" data-align=\"center\">J\u00f6rg (Coolboydeaf) Bernshausen<\/td><td class=\"has-text-align-center\" data-align=\"center\"><a href=\"https:\/\/lidarts.org\/game\/0k7Uw5p7\" rel=\"noreferrer noopener\" target=\"_blank\">klick<\/a><\/td><\/tr><tr><td class=\"has-text-align-center\" data-align=\"center\">Thomas (HSV-Toschi) Schiefer<\/td><td class=\"has-text-align-center\" data-align=\"center\">5 &#8211; 0<\/td><td class=\"has-text-align-center\" data-align=\"center\">Bj\u00f6rn (BM-BJOE28) K\u00e4ller<\/td><td class=\"has-text-align-center\" data-align=\"center\"><a href=\"https:\/\/lidarts.org\/game\/LPOfizWx\" rel=\"noreferrer noopener\" target=\"_blank\">klick<\/a><\/td><\/tr><tr><td class=\"has-text-align-center\" data-align=\"center\">Jan (Darki) Beder<\/td><td class=\"has-text-align-center\" data-align=\"center\">1 &#8211; 5<\/td><td class=\"has-text-align-center\" data-align=\"center\">Axel (Fischkopf) Aukam<\/td><td class=\"has-text-align-center\" data-align=\"center\"><a href=\"https:\/\/lidarts.org\/game\/GGxoJWWL\" rel=\"noreferrer noopener\" target=\"_blank\">klick<\/a><\/td><\/tr><tr><td class=\"has-text-align-center\" data-align=\"center\">Fritz (Fritzibvb) Dargatz<\/td><td class=\"has-text-align-center\" data-align=\"center\">5 &#8211; 1<\/td><td class=\"has-text-align-center\" data-align=\"center\">Sabine (Eichh\u00f6rnchen63) B\u00fcchner<\/td><td class=\"has-text-align-center\" data-align=\"center\"><a href=\"https:\/\/lidarts.org\/game\/POvSiPKw\" rel=\"noreferrer noopener\" target=\"_blank\">klick<\/a><\/td><\/tr><tr><td class=\"has-text-align-center\" data-align=\"center\">Dieter (The Schrolli) Schr\u00f6ders<\/td><td class=\"has-text-align-center\" data-align=\"center\">5 &#8211; 2<\/td><td class=\"has-text-align-center\" data-align=\"center\">Florian (fbdeaf) B\u00fcker<\/td><td class=\"has-text-align-center\" data-align=\"center\"><a href=\"https:\/\/lidarts.org\/game\/-yIqDnVI\" rel=\"noreferrer noopener\" target=\"_blank\">klick<\/a><\/td><\/tr><tr><td class=\"has-text-align-center\" data-align=\"center\"><\/td><td class=\"has-text-align-center\" data-align=\"center\"><\/td><td class=\"has-text-align-center\" data-align=\"center\"><\/td><td class=\"has-text-align-center\" data-align=\"center\"><\/td><\/tr><tr><td class=\"has-text-align-center\" data-align=\"center\">J\u00f6rg (Coolboydeaf) Bernshausen<\/td><td class=\"has-text-align-center\" data-align=\"center\">5 &#8211; 0<\/td><td class=\"has-text-align-center\" data-align=\"center\">J\u00fcrgen (Murmel66) B\u00fcchner<\/td><td class=\"has-text-align-center\" data-align=\"center\"><a href=\"https:\/\/lidarts.org\/game\/4IoYl0r-\" rel=\"noreferrer noopener\" target=\"_blank\">klick<\/a><\/td><\/tr><tr><td class=\"has-text-align-center\" data-align=\"center\">Jan (Darki) Beder<\/td><td class=\"has-text-align-center\" data-align=\"center\">4 &#8211; 5<\/td><td class=\"has-text-align-center\" data-align=\"center\">Martin (Maddin82) Hesse<\/td><td class=\"has-text-align-center\" data-align=\"center\"><a href=\"https:\/\/lidarts.org\/game\/6odUgX7w\" rel=\"noreferrer noopener\" target=\"_blank\">klick<\/a><\/td><\/tr><tr><td class=\"has-text-align-center\" data-align=\"center\">Axel (Fischkopf) Aukam<\/td><td class=\"has-text-align-center\" data-align=\"center\">3 &#8211; 5<\/td><td class=\"has-text-align-center\" data-align=\"center\">Marco (Badboys) Meger<\/td><td class=\"has-text-align-center\" data-align=\"center\"><a href=\"https:\/\/lidarts.org\/game\/rZUFXUkT\" rel=\"noreferrer noopener\" target=\"_blank\">klick<\/a><\/td><\/tr><tr><td class=\"has-text-align-center\" data-align=\"center\">Florian (fbdeaf) B\u00fcker<\/td><td class=\"has-text-align-center\" data-align=\"center\">1 &#8211; 5<\/td><td class=\"has-text-align-center\" data-align=\"center\">Thomas (HSV-Toschi) Schiefer<\/td><td class=\"has-text-align-center\" data-align=\"center\"><a href=\"https:\/\/lidarts.org\/game\/4eDFf3fR\" rel=\"noreferrer noopener\" target=\"_blank\">klick<\/a><\/td><\/tr><tr><td class=\"has-text-align-center\" data-align=\"center\">Marcel (Max_Cat_10) Plogmann<\/td><td class=\"has-text-align-center\" data-align=\"center\">3 &#8211; 5<\/td><td class=\"has-text-align-center\" data-align=\"center\">Dieter (The Schrolli) Schr\u00f6ders<\/td><td class=\"has-text-align-center\" data-align=\"center\"><a href=\"https:\/\/lidarts.org\/game\/uGhe-Dwj\" rel=\"noreferrer noopener\" target=\"_blank\">klick<\/a><\/td><\/tr><tr><td class=\"has-text-align-center\" data-align=\"center\">Bj\u00f6rn (BM-BJOE28) K\u00e4ller<\/td><td class=\"has-text-align-center\" data-align=\"center\">1 &#8211; 5<\/td><td class=\"has-text-align-center\" data-align=\"center\">Fritz (Fritzibvb) Dargatz<\/td><td class=\"has-text-align-center\" data-align=\"center\"><a href=\"https:\/\/lidarts.org\/game\/pvtVrXoX\" rel=\"noreferrer noopener\" target=\"_blank\">klick<\/a><\/td><\/tr><tr><td class=\"has-text-align-center\" data-align=\"center\"><\/td><td class=\"has-text-align-center\" data-align=\"center\"><\/td><td class=\"has-text-align-center\" data-align=\"center\"><\/td><td class=\"has-text-align-center\" data-align=\"center\"><\/td><\/tr><tr><td class=\"has-text-align-center\" data-align=\"center\">J\u00f6rg (Coolboydeaf) Bernshausen<\/td><td class=\"has-text-align-center\" data-align=\"center\">5 &#8211; 2<\/td><td class=\"has-text-align-center\" data-align=\"center\">Jan (Darki) Beder<\/td><td class=\"has-text-align-center\" data-align=\"center\"><a href=\"https:\/\/lidarts.org\/game\/f9fLlQji\" rel=\"noreferrer noopener\" target=\"_blank\">klick<\/a><\/td><\/tr><tr><td class=\"has-text-align-center\" data-align=\"center\">Axel (Fischkopf) Aukam<\/td><td class=\"has-text-align-center\" data-align=\"center\">5 &#8211; 2<\/td><td class=\"has-text-align-center\" data-align=\"center\">Martin (Maddin82) Hesse<\/td><td class=\"has-text-align-center\" data-align=\"center\"><a href=\"https:\/\/lidarts.org\/game\/KnPPgHQM\" rel=\"noreferrer noopener\" target=\"_blank\">klick<\/a><\/td><\/tr><tr><td class=\"has-text-align-center\" data-align=\"center\">Florian (fbdeaf) B\u00fcker<\/td><td class=\"has-text-align-center\" data-align=\"center\">1 &#8211; 5<\/td><td class=\"has-text-align-center\" data-align=\"center\">Fritz (Fritzibvb) Dargatz<\/td><td class=\"has-text-align-center\" data-align=\"center\"><a href=\"https:\/\/lidarts.org\/game\/rwvXsTlj\" rel=\"noreferrer noopener\" target=\"_blank\">klick<\/a><\/td><\/tr><tr><td class=\"has-text-align-center\" data-align=\"center\">Sabine (Eichh\u00f6rnchen63) B\u00fcchner<\/td><td class=\"has-text-align-center\" data-align=\"center\">4 &#8211; 5<\/td><td class=\"has-text-align-center\" data-align=\"center\">Marcel (Max_Cat_10) Plogmann<\/td><td class=\"has-text-align-center\" data-align=\"center\"><a href=\"https:\/\/lidarts.org\/game\/hQtdNTul\" rel=\"noreferrer noopener\" target=\"_blank\">klick<\/a><\/td><\/tr><tr><td class=\"has-text-align-center\" data-align=\"center\">Marco (Badboys) Meger<\/td><td class=\"has-text-align-center\" data-align=\"center\">5 &#8211; 1<\/td><td class=\"has-text-align-center\" data-align=\"center\">J\u00fcrgen (Murmel66) B\u00fcchner<\/td><td class=\"has-text-align-center\" data-align=\"center\"><a href=\"https:\/\/lidarts.org\/game\/7QnIPx9v\" rel=\"noreferrer noopener\" target=\"_blank\">klick<\/a><\/td><\/tr><tr><td class=\"has-text-align-center\" data-align=\"center\">Thomas (HSV-Toschi) Schiefer<\/td><td class=\"has-text-align-center\" data-align=\"center\">0 &#8211; 5<\/td><td class=\"has-text-align-center\" data-align=\"center\">Dieter (The Schrolli) Schr\u00f6ders<\/td><td class=\"has-text-align-center\" data-align=\"center\"><a href=\"https:\/\/lidarts.org\/game\/scvP3xuK\" rel=\"noreferrer noopener\" target=\"_blank\">klick<\/a><\/td><\/tr><tr><td class=\"has-text-align-center\" data-align=\"center\"><\/td><td class=\"has-text-align-center\" data-align=\"center\"><\/td><td class=\"has-text-align-center\" data-align=\"center\"><\/td><td class=\"has-text-align-center\" data-align=\"center\"><\/td><\/tr><tr><td class=\"has-text-align-center\" data-align=\"center\">J\u00fcrgen (Murmel66) B\u00fcchner<\/td><td class=\"has-text-align-center\" data-align=\"center\">0 &#8211; 5<\/td><td class=\"has-text-align-center\" data-align=\"center\">Jan (Darki) Beder<\/td><td class=\"has-text-align-center\" data-align=\"center\"><a href=\"https:\/\/lidarts.org\/game\/mSDQpu_n\" rel=\"noreferrer noopener\" target=\"_blank\">klick<\/a><\/td><\/tr><tr><td class=\"has-text-align-center\" data-align=\"center\">Axel (Fischkopf) Aukam<\/td><td class=\"has-text-align-center\" data-align=\"center\">5 &#8211; 1<\/td><td class=\"has-text-align-center\" data-align=\"center\">J\u00f6rg (Coolboydeaf) Bernshausen<\/td><td class=\"has-text-align-center\" data-align=\"center\"><a href=\"https:\/\/lidarts.org\/game\/0lAjbSmo\" rel=\"noreferrer noopener\" target=\"_blank\">klick<\/a><\/td><\/tr><tr><td class=\"has-text-align-center\" data-align=\"center\">Fritz (Fritzibvb) Dargatz<\/td><td class=\"has-text-align-center\" data-align=\"center\">5 &#8211; 3<\/td><td class=\"has-text-align-center\" data-align=\"center\">Dieter (The Schrolli) Schr\u00f6ders<\/td><td class=\"has-text-align-center\" data-align=\"center\"><a href=\"https:\/\/lidarts.org\/game\/CL0R0m7T\" rel=\"noreferrer noopener\" target=\"_blank\">klick<\/a><\/td><\/tr><tr><td class=\"has-text-align-center\" data-align=\"center\">Sabine (Eichh\u00f6rnchen63) B\u00fcchner<\/td><td class=\"has-text-align-center\" data-align=\"center\">5 &#8211; 2<\/td><td class=\"has-text-align-center\" data-align=\"center\">Bj\u00f6rn (BM-BJOE28) K\u00e4ller<\/td><td class=\"has-text-align-center\" data-align=\"center\"><a href=\"https:\/\/lidarts.org\/game\/9rpZA8ro\" rel=\"noreferrer noopener\" target=\"_blank\">klick<\/a><\/td><\/tr><tr><td class=\"has-text-align-center\" data-align=\"center\">Marcel (Max_Cat_10) Plogmann<\/td><td class=\"has-text-align-center\" data-align=\"center\">5 &#8211; 4<\/td><td class=\"has-text-align-center\" data-align=\"center\">Thomas (HSV-Toschi) Schiefer<\/td><td class=\"has-text-align-center\" data-align=\"center\"><a href=\"https:\/\/lidarts.org\/game\/UhkOjQxo\" rel=\"noreferrer noopener\" target=\"_blank\">klick<\/a><\/td><\/tr><tr><td class=\"has-text-align-center\" data-align=\"center\">Martin (Maddin82) Hesse<\/td><td class=\"has-text-align-center\" data-align=\"center\">5 &#8211; 4<\/td><td class=\"has-text-align-center\" data-align=\"center\">Marco (Badboys) Meger<\/td><td class=\"has-text-align-center\" data-align=\"center\"><a href=\"https:\/\/lidarts.org\/game\/NZa1U9xw\" rel=\"noreferrer noopener\" target=\"_blank\">klick<\/a><\/td><\/tr><tr><td class=\"has-text-align-center\" data-align=\"center\"><\/td><td class=\"has-text-align-center\" data-align=\"center\"><\/td><td class=\"has-text-align-center\" data-align=\"center\"><\/td><td class=\"has-text-align-center\" data-align=\"center\"><\/td><\/tr><tr><td class=\"has-text-align-center\" data-align=\"center\">Jan (Darki) Beder<\/td><td class=\"has-text-align-center\" data-align=\"center\">2 &#8211; 5<\/td><td class=\"has-text-align-center\" data-align=\"center\">Marco (Badboys) Meger<\/td><td class=\"has-text-align-center\" data-align=\"center\"><a href=\"https:\/\/lidarts.org\/game\/FirNltoH\" rel=\"noreferrer noopener\" target=\"_blank\">klick<\/a><\/td><\/tr><tr><td class=\"has-text-align-center\" data-align=\"center\">J\u00fcrgen (Murmel66) B\u00fcchner<\/td><td class=\"has-text-align-center\" data-align=\"center\">3 &#8211; 5<\/td><td class=\"has-text-align-center\" data-align=\"center\">Axel (Fischkopf) Aukam<\/td><td class=\"has-text-align-center\" data-align=\"center\"><a href=\"https:\/\/lidarts.org\/game\/NkgKdGCs\" rel=\"noreferrer noopener\" target=\"_blank\">klick<\/a><\/td><\/tr><tr><td class=\"has-text-align-center\" data-align=\"center\">Bj\u00f6rn (BM-BJOE28) K\u00e4ller<\/td><td class=\"has-text-align-center\" data-align=\"center\">1 &#8211; 5<\/td><td class=\"has-text-align-center\" data-align=\"center\">Florian (fbdeaf) B\u00fcker<\/td><td class=\"has-text-align-center\" data-align=\"center\"><a href=\"https:\/\/lidarts.org\/game\/-dqQucBy\" rel=\"noreferrer noopener\" target=\"_blank\">klick<\/a><\/td><\/tr><tr><td class=\"has-text-align-center\" data-align=\"center\">Martin (Maddin82) Hesse<\/td><td class=\"has-text-align-center\" data-align=\"center\">5 &#8211; 3<\/td><td class=\"has-text-align-center\" data-align=\"center\">J\u00f6rg (Coolboydeaf) Bernshausen<\/td><td class=\"has-text-align-center\" data-align=\"center\"><a href=\"https:\/\/lidarts.org\/game\/P-_vOzQr\" rel=\"noreferrer noopener\" target=\"_blank\">klick<\/a><\/td><\/tr><tr><td class=\"has-text-align-center\" data-align=\"center\">Dieter (The Schrotti) Schr\u00f6ders<\/td><td class=\"has-text-align-center\" data-align=\"center\">5 &#8211; 3<\/td><td class=\"has-text-align-center\" data-align=\"center\">Bj\u00f6rn (BM-BJOE28) K\u00e4ller<\/td><td class=\"has-text-align-center\" data-align=\"center\"><a href=\"https:\/\/lidarts.org\/game\/bC2SYgT3\" rel=\"noreferrer noopener\" target=\"_blank\">klick<\/a><\/td><\/tr><tr><td class=\"has-text-align-center\" data-align=\"center\">Marcel (Max_Cat_10) Plogmann<\/td><td class=\"has-text-align-center\" data-align=\"center\">5 &#8211; 2<\/td><td class=\"has-text-align-center\" data-align=\"center\">Fritz (Fritzibvb) Dargatz<\/td><td class=\"has-text-align-center\" data-align=\"center\"><a href=\"https:\/\/lidarts.org\/game\/xxChF3vy\" rel=\"noreferrer noopener\" target=\"_blank\">klick<\/a><\/td><\/tr><tr><td class=\"has-text-align-center\" data-align=\"center\"><\/td><td class=\"has-text-align-center\" data-align=\"center\"><\/td><td class=\"has-text-align-center\" data-align=\"center\"><\/td><td class=\"has-text-align-center\" data-align=\"center\"><\/td><\/tr><tr><td class=\"has-text-align-center\" data-align=\"center\">Thomas (HSV-Toschi) Schiefer<\/td><td class=\"has-text-align-center\" data-align=\"center\">5 &#8211; 2<\/td><td class=\"has-text-align-center\" data-align=\"center\">Sabine (Eichh\u00f6rnchen63) B\u00fcchner<\/td><td class=\"has-text-align-center\" data-align=\"center\"><a href=\"https:\/\/lidarts.org\/game\/ZRB60UXL\" rel=\"noreferrer noopener\" target=\"_blank\">klick<\/a><\/td><\/tr><tr><td class=\"has-text-align-center\" data-align=\"center\">Sabine (Eichh\u00f6rnchen63) B\u00fcchner<\/td><td class=\"has-text-align-center\" data-align=\"center\">2 &#8211; 5<\/td><td class=\"has-text-align-center\" data-align=\"center\">Florian (fbdeaf) B\u00fcker<\/td><td class=\"has-text-align-center\" data-align=\"center\"><a href=\"https:\/\/lidarts.org\/game\/HNSOSBi5\" rel=\"noreferrer noopener\" target=\"_blank\">klick<\/a><\/td><\/tr><tr><td class=\"has-text-align-center\" data-align=\"center\">Fritz (Fritzibvb) Dargatz<\/td><td class=\"has-text-align-center\" data-align=\"center\">5 &#8211; 0<\/td><td class=\"has-text-align-center\" data-align=\"center\">Thomas (HSV-Toschi) Schiefer<\/td><td class=\"has-text-align-center\" data-align=\"center\"><a href=\"https:\/\/lidarts.org\/game\/VdmHjfL-\" rel=\"noreferrer noopener\" target=\"_blank\">klick<\/a><\/td><\/tr><tr><td class=\"has-text-align-center\" data-align=\"center\">Bj\u00f6rn (BM-BJOE28) K\u00e4ller<\/td><td class=\"has-text-align-center\" data-align=\"center\">0 &#8211; 5<\/td><td class=\"has-text-align-center\" data-align=\"center\">Marcel (Max_Cat_10) Plogmann<\/td><td class=\"has-text-align-center\" data-align=\"center\"><a href=\"https:\/\/lidarts.org\/game\/OK3DndKs\" rel=\"noreferrer noopener\" target=\"_blank\">klick<\/a><\/td><\/tr><tr><td class=\"has-text-align-center\" data-align=\"center\">Dieter (The Schrotti) Schr\u00f6ders<\/td><td class=\"has-text-align-center\" data-align=\"center\">5 &#8211; 0<\/td><td class=\"has-text-align-center\" data-align=\"center\">Sabine (Eichh\u00f6rnchen63) B\u00fcchner<\/td><td class=\"has-text-align-center\" data-align=\"center\"><a href=\"https:\/\/lidarts.org\/game\/LWdQGb8b\" rel=\"noreferrer noopener\" target=\"_blank\">klick<\/a><\/td><\/tr><tr><td class=\"has-text-align-center\" data-align=\"center\">Florian (fbdeaf) B\u00fcker<\/td><td class=\"has-text-align-center\" data-align=\"center\">3 &#8211; 5<\/td><td class=\"has-text-align-center\" data-align=\"center\">Marcel (Max_Cat_10) Plogmann<\/td><td class=\"has-text-align-center\" data-align=\"center\"><a href=\"https:\/\/lidarts.org\/game\/wRf9_UlR\" rel=\"noreferrer noopener\" target=\"_blank\">klick<\/a><\/td><\/tr><tr><td class=\"has-text-align-center\" data-align=\"center\"><\/td><td class=\"has-text-align-center\" data-align=\"center\"><\/td><td class=\"has-text-align-center\" data-align=\"center\"><\/td><td class=\"has-text-align-center\" data-align=\"center\"><\/td><\/tr><tr><td class=\"has-text-align-center\" data-align=\"center\">Viertelfinale<\/td><\/tr><tr><td class=\"has-text-align-center\" data-align=\"center\">Thomas (HSV-Toschi) Schiefer<\/td><td class=\"has-text-align-center\" data-align=\"center\">6 &#8211; 4<\/td><td class=\"has-text-align-center\" data-align=\"center\">Marco (Badboys) Meger<\/td><td class=\"has-text-align-center\" data-align=\"center\"><a href=\"https:\/\/lidarts.org\/game\/_zJG6DtJ\" rel=\"noreferrer noopener\" target=\"_blank\">klick<\/a><\/td><\/tr><tr><td class=\"has-text-align-center\" data-align=\"center\">Fritz (Fritzibvb) Dargatz<\/td><td class=\"has-text-align-center\" data-align=\"center\">6 &#8211; 5<\/td><td class=\"has-text-align-center\" data-align=\"center\">J\u00f6rg (Coolboydeaf) Bernshausen<\/td><td class=\"has-text-align-center\" data-align=\"center\"><a href=\"https:\/\/lidarts.org\/game\/0zKMmEW0\" rel=\"noreferrer noopener\" target=\"_blank\">klick<\/a><\/td><\/tr><tr><td class=\"has-text-align-center\" data-align=\"center\">Marcel (Max_Cat_10)<\/td><td class=\"has-text-align-center\" data-align=\"center\">6 &#8211; 2<\/td><td class=\"has-text-align-center\" data-align=\"center\">Axel (Fischkopf) Aukam<\/td><td class=\"has-text-align-center\" data-align=\"center\"><a href=\"https:\/\/lidarts.org\/game\/xz4kuc75\" rel=\"noreferrer noopener\" target=\"_blank\">klick<\/a><\/td><\/tr><tr><td class=\"has-text-align-center\" data-align=\"center\">Dieter (The Schrotti) Schr\u00f6ders<\/td><td class=\"has-text-align-center\" data-align=\"center\">6 &#8211; 3<\/td><td class=\"has-text-align-center\" data-align=\"center\">Martin (Maddin82) Hesse<\/td><td class=\"has-text-align-center\" data-align=\"center\"><a href=\"https:\/\/lidarts.org\/game\/e8-jgIeO\" rel=\"noreferrer noopener\" target=\"_blank\">klick<\/a><\/td><\/tr><tr><td class=\"has-text-align-center\" data-align=\"center\"><\/td><td class=\"has-text-align-center\" data-align=\"center\"><\/td><td class=\"has-text-align-center\" data-align=\"center\"><\/td><td class=\"has-text-align-center\" data-align=\"center\"><\/td><\/tr><tr><td class=\"has-text-align-center\" data-align=\"center\">Halbfinale<\/td><\/tr><tr><td class=\"has-text-align-center\" data-align=\"center\">Fritz (Fritzibvb) Dargatz<\/td><td class=\"has-text-align-center\" data-align=\"center\">5 &#8211; 7<\/td><td class=\"has-text-align-center\" data-align=\"center\">Marcel (Max_Cat_10) Plogmann<\/td><td class=\"has-text-align-center\" data-align=\"center\"><a href=\"https:\/\/lidarts.org\/game\/gPU1TGoX\" rel=\"noreferrer noopener\" target=\"_blank\">klick<\/a><\/td><\/tr><tr><td class=\"has-text-align-center\" data-align=\"center\">Dieter (The Schrotti) Schr\u00f6ders<\/td><td class=\"has-text-align-center\" data-align=\"center\">5 &#8211; 7<\/td><td class=\"has-text-align-center\" data-align=\"center\">Thomas (HSV-Toschi) Schiefer<\/td><td class=\"has-text-align-center\" data-align=\"center\"><a href=\"https:\/\/lidarts.org\/game\/Kx9494OQ\" rel=\"noreferrer noopener\" target=\"_blank\">klick<\/a><\/td><\/tr><tr><td class=\"has-text-align-center\" data-align=\"center\"><\/td><td class=\"has-text-align-center\" data-align=\"center\"><\/td><td class=\"has-text-align-center\" data-align=\"center\"><\/td><td class=\"has-text-align-center\" data-align=\"center\"><\/td><\/tr><tr><td class=\"has-text-align-center\" data-align=\"center\">Spiel um Platz 3<\/td><\/tr><tr><td class=\"has-text-align-center\" data-align=\"center\">Fritz (Fritzibvb) Dargatz<\/td><td class=\"has-text-align-center\" data-align=\"center\">8 &#8211; 6<\/td><td class=\"has-text-align-center\" data-align=\"center\">Dieter (The Schrotti) Schr\u00f6ders<\/td><td class=\"has-text-align-center\" data-align=\"center\"><a href=\"https:\/\/lidarts.org\/game\/W-Slk48V\" rel=\"noreferrer noopener\" target=\"_blank\">klick<\/a><\/td><\/tr><tr><td class=\"has-text-align-center\" data-align=\"center\"><\/td><td class=\"has-text-align-center\" data-align=\"center\"><\/td><td class=\"has-text-align-center\" data-align=\"center\"><\/td><td class=\"has-text-align-center\" data-align=\"center\"><\/td><\/tr><tr><td class=\"has-text-align-center\" data-align=\"center\"><\/td><td class=\"has-text-align-center\" data-align=\"center\"><\/td><td class=\"has-text-align-center\" data-align=\"center\"><\/td><td class=\"has-text-align-center\" data-align=\"center\"><\/td><\/tr><tr><td class=\"has-text-align-center\" data-align=\"center\">Finale<\/td><\/tr><tr><td class=\"has-text-align-center\" data-align=\"center\">Marcel (Max_Cat_10) Plogmann<\/td><td class=\"has-text-align-center\" data-align=\"center\">2 &#8211; 8<\/td><td class=\"has-text-align-center\" data-align=\"center\">Thomas (HSV-Toschi) Schiefer<\/td><td class=\"has-text-align-center\" data-align=\"center\"><a href=\"https:\/\/lidarts.org\/game\/JWdLfwwz\" rel=\"noreferrer noopener\" target=\"_blank\">klick<\/a><\/td><\/tr><\/tbody><\/table><\/figure>\n\n\n\n<hr class=\"wp-block-separator is-style-wide\"\/>\n\n\n\n<h2 class=\"wp-block-heading\" id=\"headeditor2742\">Platzierung<\/h2>\n\n\n\n<p>Sieger: <a href=\"https:\/\/cms.dgsdart.de\/?page_id=480\" data-type=\"page\" data-id=\"480\">Thomas (HSV-Toschi) Schiefer<\/a><\/p>\n\n\n\n<p>Vizemeister: <a href=\"https:\/\/cms.dgsdart.de\/?page_id=464\" data-type=\"page\" data-id=\"464\">Marcel (Max_Cat_10) Plogmann<\/a><\/p>\n\n\n\n<p>3 Platz: <a href=\"https:\/\/cms.dgsdart.de\/?page_id=466\" data-type=\"page\" data-id=\"466\">Fritz (Fritzibvb) Dargatz<\/a><\/p>\n\n\n\n<p>4 Platz: <a href=\"https:\/\/cms.dgsdart.de\/?page_id=484\" data-type=\"page\" data-id=\"484\">Dieter (The Schrotti) Schr\u00f6ders<\/a><\/p>\n","protected":false},"excerpt":{"rendered":"<p>Gegner Legs Gegner Ergebnisse Martin (Maddin82) Hesse 5 &#8211; 0 J\u00fcrgen (Murmel66) B\u00fcchner klick Marco (Badboys) Meger 5 &#8211; 1 J\u00f6rg (Coolboydeaf) Bernshausen klick Thomas (HSV-Toschi) Schiefer 5 &#8211; 0 Bj\u00f6rn (BM-BJOE28) K\u00e4ller klick Jan (Darki) Beder 1 &#8211; 5 Axel (Fischkopf) Aukam klick Fritz (Fritzibvb) Dargatz 5 &#8211; 1 Sabine (Eichh\u00f6rnchen63) B\u00fcchner klick Dieter&#46;&#46;&#46;<\/p>\n","protected":false},"author":1,"featured_media":0,"parent":99,"menu_order":7,"comment_status":"closed","ping_status":"closed","template":"template-fullwidth.php","meta":{"footnotes":""},"class_list":["post-736","page","type-page","status-publish","hentry"],"_links":{"self":[{"href":"https:\/\/dgsdart.de\/index.php?rest_route=\/wp\/v2\/pages\/736","targetHints":{"allow":["GET"]}}],"collection":[{"href":"https:\/\/dgsdart.de\/index.php?rest_route=\/wp\/v2\/pages"}],"about":[{"href":"https:\/\/dgsdart.de\/index.php?rest_route=\/wp\/v2\/types\/page"}],"author":[{"embeddable":true,"href":"https:\/\/dgsdart.de\/index.php?rest_route=\/wp\/v2\/users\/1"}],"replies":[{"embeddable":true,"href":"https:\/\/dgsdart.de\/index.php?rest_route=%2Fwp%2Fv2%2Fcomments&post=736"}],"version-history":[{"count":0,"href":"https:\/\/dgsdart.de\/index.php?rest_route=\/wp\/v2\/pages\/736\/revisions"}],"up":[{"embeddable":true,"href":"https:\/\/dgsdart.de\/index.php?rest_route=\/wp\/v2\/pages\/99"}],"wp:attachment":[{"href":"https:\/\/dgsdart.de\/index.php?rest_route=%2Fwp%2Fv2%2Fmedia&parent=736"}],"curies":[{"name":"wp","href":"https:\/\/api.w.org\/{rel}","templated":true}]}}