{"id":658,"date":"2021-06-25T18:26:30","date_gmt":"2021-06-25T16:26:30","guid":{"rendered":"https:\/\/cms.dgsdart.de\/?page_id=658"},"modified":"2021-07-02T13:16:52","modified_gmt":"2021-07-02T11:16:52","slug":"saison-2-s-dart","status":"publish","type":"page","link":"https:\/\/dgsdart.de\/?page_id=658","title":{"rendered":"Saison 2 (S-Dart)"},"content":{"rendered":"\n<figure class=\"wp-block-table is-style-stripes\"><table><thead><tr><th class=\"has-text-align-center\" data-align=\"center\">Gegner<\/th><th class=\"has-text-align-center\" data-align=\"center\">Legs<\/th><th class=\"has-text-align-center\" data-align=\"center\">Gegner<\/th><th class=\"has-text-align-center\" data-align=\"center\">Ergebnisse<\/th><\/tr><\/thead><tbody><tr><td class=\"has-text-align-center\" data-align=\"center\">Hinrunde<\/td><\/tr><tr><td class=\"has-text-align-center\" data-align=\"center\">Martin (Maddin82) Hesse<\/td><td class=\"has-text-align-center\" data-align=\"center\">0 &#8211; 4<\/td><td class=\"has-text-align-center\" data-align=\"center\">Florian (fbdeaf) B\u00fcker<\/td><td class=\"has-text-align-center\" data-align=\"center\"><a href=\"https:\/\/lidarts.org\/game\/jU1-uvHI\" rel=\"noreferrer noopener\" target=\"_blank\">klick<\/a><\/td><\/tr><tr><td class=\"has-text-align-center\" data-align=\"center\">Marco (Badboys) Meger<\/td><td class=\"has-text-align-center\" data-align=\"center\">4 &#8211; 2<\/td><td class=\"has-text-align-center\" data-align=\"center\">Sabine (Eichh\u00f6rchen63) B\u00fcchner<\/td><td class=\"has-text-align-center\" data-align=\"center\"><a href=\"https:\/\/lidarts.org\/game\/VagUqVBh\" rel=\"noreferrer noopener\" target=\"_blank\">klick<\/a><\/td><\/tr><tr><td class=\"has-text-align-center\" data-align=\"center\">Marcel (Max_Cat_10) Plogmann<\/td><td class=\"has-text-align-center\" data-align=\"center\">3 &#8211; 4<\/td><td class=\"has-text-align-center\" data-align=\"center\">J\u00fcrgen (Murmel66) B\u00fcchner<\/td><td class=\"has-text-align-center\" data-align=\"center\"><a href=\"https:\/\/lidarts.org\/game\/MiG5YdSi\" rel=\"noreferrer noopener\" target=\"_blank\">klick<\/a><\/td><\/tr><tr><td class=\"has-text-align-center\" data-align=\"center\"><\/td><td class=\"has-text-align-center\" data-align=\"center\"><\/td><td class=\"has-text-align-center\" data-align=\"center\"><\/td><td class=\"has-text-align-center\" data-align=\"center\"><\/td><\/tr><tr><td class=\"has-text-align-center\" data-align=\"center\">Sabine (Eichh\u00f6rchen63) B\u00fcchner<\/td><td class=\"has-text-align-center\" data-align=\"center\">2 &#8211; 4<\/td><td class=\"has-text-align-center\" data-align=\"center\">Martin (Maddin82) Hesse<\/td><td class=\"has-text-align-center\" data-align=\"center\"><a href=\"https:\/\/lidarts.org\/game\/yaeetzGj\" rel=\"noreferrer noopener\" target=\"_blank\">klick<\/a><\/td><\/tr><tr><td class=\"has-text-align-center\" data-align=\"center\">J\u00fcrgen (Murmel66) B\u00fcchner<\/td><td class=\"has-text-align-center\" data-align=\"center\">1 &#8211; 4<\/td><td class=\"has-text-align-center\" data-align=\"center\">Marco (Badboys) Meger<\/td><td class=\"has-text-align-center\" data-align=\"center\"><a href=\"https:\/\/lidarts.org\/game\/qfr0eKpz\" rel=\"noreferrer noopener\" target=\"_blank\">klick<\/a><\/td><\/tr><tr><td class=\"has-text-align-center\" data-align=\"center\">Marcel (Max_Cat_10) Plogmann<\/td><td class=\"has-text-align-center\" data-align=\"center\">2 &#8211; 4<\/td><td class=\"has-text-align-center\" data-align=\"center\">Florian (fbdeaf) B\u00fcker<\/td><td class=\"has-text-align-center\" data-align=\"center\"><a href=\"https:\/\/lidarts.org\/game\/wqXhiwtx\" rel=\"noreferrer noopener\" target=\"_blank\">klick<\/a><\/td><\/tr><tr><td class=\"has-text-align-center\" data-align=\"center\"><\/td><td class=\"has-text-align-center\" data-align=\"center\"><\/td><td class=\"has-text-align-center\" data-align=\"center\"><\/td><td class=\"has-text-align-center\" data-align=\"center\"><\/td><\/tr><tr><td class=\"has-text-align-center\" data-align=\"center\">Martin (Maddin82) Hesse<\/td><td class=\"has-text-align-center\" data-align=\"center\">4 &#8211; 1<\/td><td class=\"has-text-align-center\" data-align=\"center\">J\u00fcrgen (Murmel66) B\u00fcchner<\/td><td class=\"has-text-align-center\" data-align=\"center\"><a href=\"https:\/\/lidarts.org\/game\/yqTR14Wy\" rel=\"noreferrer noopener\" target=\"_blank\">klick<\/a><\/td><\/tr><tr><td class=\"has-text-align-center\" data-align=\"center\">Florian (fbdeaf) B\u00fcker<\/td><td class=\"has-text-align-center\" data-align=\"center\">4 &#8211; 1<\/td><td class=\"has-text-align-center\" data-align=\"center\">Sabine (Eichh\u00f6rchen63) B\u00fcchner<\/td><td class=\"has-text-align-center\" data-align=\"center\"><a href=\"https:\/\/lidarts.org\/game\/fFRa6waZ\" rel=\"noreferrer noopener\" target=\"_blank\">klick<\/a><\/td><\/tr><tr><td class=\"has-text-align-center\" data-align=\"center\">Marco (Badboys) Meger<\/td><td class=\"has-text-align-center\" data-align=\"center\">1 &#8211; 4<\/td><td class=\"has-text-align-center\" data-align=\"center\">Marcel (Max_Cat_10) Plogmann<\/td><td class=\"has-text-align-center\" data-align=\"center\"><a href=\"https:\/\/lidarts.org\/game\/Xw93IZuK\" rel=\"noreferrer noopener\" target=\"_blank\">klick<\/a><\/td><\/tr><tr><td class=\"has-text-align-center\" data-align=\"center\"><\/td><td class=\"has-text-align-center\" data-align=\"center\"><\/td><td class=\"has-text-align-center\" data-align=\"center\"><\/td><td class=\"has-text-align-center\" data-align=\"center\"><\/td><\/tr><tr><td class=\"has-text-align-center\" data-align=\"center\">Sabine (Eichh\u00f6rchen63) B\u00fcchner<\/td><td class=\"has-text-align-center\" data-align=\"center\">4 &#8211; 2<\/td><td class=\"has-text-align-center\" data-align=\"center\">Marcel (Max_Cat_10) Plogmann<\/td><td class=\"has-text-align-center\" data-align=\"center\"><a href=\"https:\/\/lidarts.org\/game\/q5_3txLB\" rel=\"noreferrer noopener\" target=\"_blank\">klick<\/a><\/td><\/tr><tr><td class=\"has-text-align-center\" data-align=\"center\">J\u00fcrgen (Murmel66) B\u00fcchner<\/td><td class=\"has-text-align-center\" data-align=\"center\">0 &#8211; 4<\/td><td class=\"has-text-align-center\" data-align=\"center\">Florian (fbdeaf) B\u00fcker<\/td><td class=\"has-text-align-center\" data-align=\"center\"><a href=\"https:\/\/lidarts.org\/game\/sdk8Er_J\" rel=\"noreferrer noopener\" target=\"_blank\">klick<\/a><\/td><\/tr><tr><td class=\"has-text-align-center\" data-align=\"center\">Marco (Badboys) Meger<\/td><td class=\"has-text-align-center\" data-align=\"center\">4 &#8211; 2<\/td><td class=\"has-text-align-center\" data-align=\"center\">Martin (Maddin82) Hesse<\/td><td class=\"has-text-align-center\" data-align=\"center\"><a href=\"https:\/\/lidarts.org\/game\/CdFa0tIS\" rel=\"noreferrer noopener\" target=\"_blank\">klick<\/a><\/td><\/tr><tr><td class=\"has-text-align-center\" data-align=\"center\"><\/td><td class=\"has-text-align-center\" data-align=\"center\"><\/td><td class=\"has-text-align-center\" data-align=\"center\"><\/td><td class=\"has-text-align-center\" data-align=\"center\"><\/td><\/tr><tr><td class=\"has-text-align-center\" data-align=\"center\">Martin (Maddin82) Hesse<\/td><td class=\"has-text-align-center\" data-align=\"center\">4 &#8211; 0<\/td><td class=\"has-text-align-center\" data-align=\"center\">Marcel (Max_Cat_10) Plogmann<\/td><td class=\"has-text-align-center\" data-align=\"center\"><a href=\"https:\/\/lidarts.org\/game\/MXIQbE0a\" rel=\"noreferrer noopener\" target=\"_blank\">klick<\/a><\/td><\/tr><tr><td class=\"has-text-align-center\" data-align=\"center\">Florian (fbdeaf) B\u00fcker<\/td><td class=\"has-text-align-center\" data-align=\"center\">4 &#8211; 1<\/td><td class=\"has-text-align-center\" data-align=\"center\">Marco (Badboys) Meger<\/td><td class=\"has-text-align-center\" data-align=\"center\"><a href=\"https:\/\/lidarts.org\/game\/cT3gkp3Y\" rel=\"noreferrer noopener\" target=\"_blank\">klick<\/a><\/td><\/tr><tr><td class=\"has-text-align-center\" data-align=\"center\">Sabine (Eichh\u00f6rchen63) B\u00fcchner<\/td><td class=\"has-text-align-center\" data-align=\"center\">4 &#8211; 1<\/td><td class=\"has-text-align-center\" data-align=\"center\">J\u00fcrgen (Murmel66) B\u00fcchner<\/td><td class=\"has-text-align-center\" data-align=\"center\"><a href=\"https:\/\/lidarts.org\/game\/4xreW8-l\" rel=\"noreferrer noopener\" target=\"_blank\">klick<\/a><\/td><\/tr><tr><td class=\"has-text-align-center\" data-align=\"center\"><\/td><td class=\"has-text-align-center\" data-align=\"center\"><\/td><td class=\"has-text-align-center\" data-align=\"center\"><\/td><td class=\"has-text-align-center\" data-align=\"center\"><\/td><\/tr><tr><td class=\"has-text-align-center\" data-align=\"center\"><\/td><td class=\"has-text-align-center\" data-align=\"center\"><\/td><td class=\"has-text-align-center\" data-align=\"center\"><\/td><td class=\"has-text-align-center\" data-align=\"center\"><\/td><\/tr><tr><td class=\"has-text-align-center\" data-align=\"center\">R\u00fcckrunde<\/td><\/tr><tr><td class=\"has-text-align-center\" data-align=\"center\">Florian (fbdeaf) B\u00fcker<\/td><td class=\"has-text-align-center\" data-align=\"center\">4 &#8211; 1<\/td><td class=\"has-text-align-center\" data-align=\"center\">Martin (Maddin82) Hesse<\/td><td class=\"has-text-align-center\" data-align=\"center\"><a href=\"https:\/\/lidarts.org\/game\/43u-4xL-\" rel=\"noreferrer noopener\" target=\"_blank\">klick<\/a><\/td><\/tr><tr><td class=\"has-text-align-center\" data-align=\"center\">Sabine (Eichh\u00f6rchen63) B\u00fcchner<\/td><td class=\"has-text-align-center\" data-align=\"center\">2 &#8211; 4<\/td><td class=\"has-text-align-center\" data-align=\"center\">Marco (Badboys) Meger<\/td><td class=\"has-text-align-center\" data-align=\"center\"><a href=\"https:\/\/lidarts.org\/game\/AeoHs6cI\" rel=\"noreferrer noopener\" target=\"_blank\">klick<\/a><\/td><\/tr><tr><td class=\"has-text-align-center\" data-align=\"center\">J\u00fcrgen (Murmel66) B\u00fcchner<\/td><td class=\"has-text-align-center\" data-align=\"center\">1 &#8211; 4<\/td><td class=\"has-text-align-center\" data-align=\"center\">Marcel (Max_Cat_10) Plogmann<\/td><td class=\"has-text-align-center\" data-align=\"center\"><a href=\"https:\/\/lidarts.org\/game\/e07twqcW\" rel=\"noreferrer noopener\" target=\"_blank\">klick<\/a><\/td><\/tr><tr><td class=\"has-text-align-center\" data-align=\"center\"><\/td><td class=\"has-text-align-center\" data-align=\"center\"><\/td><td class=\"has-text-align-center\" data-align=\"center\"><\/td><td class=\"has-text-align-center\" data-align=\"center\"><\/td><\/tr><tr><td class=\"has-text-align-center\" data-align=\"center\">Martin (Maddin82) Hesse<\/td><td class=\"has-text-align-center\" data-align=\"center\">4 &#8211; 0<\/td><td class=\"has-text-align-center\" data-align=\"center\">Sabine (Eichh\u00f6rchen63) B\u00fcchner<\/td><td class=\"has-text-align-center\" data-align=\"center\"><a href=\"https:\/\/lidarts.org\/game\/-WfmPG4m\" target=\"_blank\" rel=\"noreferrer noopener\">klick<\/a><\/td><\/tr><tr><td class=\"has-text-align-center\" data-align=\"center\">Florian (fbdeaf) B\u00fcker<\/td><td class=\"has-text-align-center\" data-align=\"center\">4 &#8211; 0<\/td><td class=\"has-text-align-center\" data-align=\"center\">Marcel (Max_Cat_10) Plogmann<\/td><td class=\"has-text-align-center\" data-align=\"center\"><a href=\"https:\/\/lidarts.org\/game\/XX6e7avS\" rel=\"noreferrer noopener\" target=\"_blank\">klick<\/a><\/td><\/tr><tr><td class=\"has-text-align-center\" data-align=\"center\">Marco (Badboys) Meger<\/td><td class=\"has-text-align-center\" data-align=\"center\">4 &#8211; 0<\/td><td class=\"has-text-align-center\" data-align=\"center\">J\u00fcrgen (Murmel66) B\u00fcchner<\/td><td class=\"has-text-align-center\" data-align=\"center\"><a href=\"https:\/\/lidarts.org\/game\/yUgpK3L3\" rel=\"noreferrer noopener\" target=\"_blank\">klick<\/a><\/td><\/tr><tr><td class=\"has-text-align-center\" data-align=\"center\"><\/td><td class=\"has-text-align-center\" data-align=\"center\"><\/td><td class=\"has-text-align-center\" data-align=\"center\"><\/td><td class=\"has-text-align-center\" data-align=\"center\"><\/td><\/tr><tr><td class=\"has-text-align-center\" data-align=\"center\">Sabine (Eichh\u00f6rchen63) B\u00fcchner<\/td><td class=\"has-text-align-center\" data-align=\"center\">2 &#8211; 4<\/td><td class=\"has-text-align-center\" data-align=\"center\">Florian (fbdeaf) B\u00fcker<\/td><td class=\"has-text-align-center\" data-align=\"center\"><a href=\"https:\/\/lidarts.org\/game\/A7AU7UaF\" rel=\"noreferrer noopener\" target=\"_blank\">klick<\/a><\/td><\/tr><tr><td class=\"has-text-align-center\" data-align=\"center\">J\u00fcrgen (Murmel66) B\u00fcchner<\/td><td class=\"has-text-align-center\" data-align=\"center\">0 &#8211; 4<\/td><td class=\"has-text-align-center\" data-align=\"center\">Martin (Maddin82) Hesse<\/td><td class=\"has-text-align-center\" data-align=\"center\"><a href=\"https:\/\/lidarts.org\/game\/3BMZl2cZ\" rel=\"noreferrer noopener\" target=\"_blank\">klick<\/a><\/td><\/tr><tr><td class=\"has-text-align-center\" data-align=\"center\">Marcel (Max_Cat_10) Plogmann<\/td><td class=\"has-text-align-center\" data-align=\"center\">0 &#8211; 4<\/td><td class=\"has-text-align-center\" data-align=\"center\">Marco (Badboys) Meger<\/td><td class=\"has-text-align-center\" data-align=\"center\"><a href=\"https:\/\/lidarts.org\/game\/2Kk6e8cb\" rel=\"noreferrer noopener\" target=\"_blank\">klick<\/a><\/td><\/tr><tr><td class=\"has-text-align-center\" data-align=\"center\"><\/td><td class=\"has-text-align-center\" data-align=\"center\"><\/td><td class=\"has-text-align-center\" data-align=\"center\"><\/td><td class=\"has-text-align-center\" data-align=\"center\"><\/td><\/tr><tr><td class=\"has-text-align-center\" data-align=\"center\">Martin (Maddin82) Hesse<\/td><td class=\"has-text-align-center\" data-align=\"center\">4 &#8211; 3<\/td><td class=\"has-text-align-center\" data-align=\"center\">Marco (Badboys) Meger<\/td><td class=\"has-text-align-center\" data-align=\"center\"><a href=\"https:\/\/lidarts.org\/game\/jywqMeJC\" rel=\"noreferrer noopener\" target=\"_blank\">klick<\/a><\/td><\/tr><tr><td class=\"has-text-align-center\" data-align=\"center\">Florian (fbdeaf) B\u00fcker<\/td><td class=\"has-text-align-center\" data-align=\"center\">4 &#8211; 1<\/td><td class=\"has-text-align-center\" data-align=\"center\">J\u00fcrgen (Murmel66) B\u00fcchner<\/td><td class=\"has-text-align-center\" data-align=\"center\"><a href=\"https:\/\/lidarts.org\/game\/3cFVUlqx\" rel=\"noreferrer noopener\" target=\"_blank\">klick<\/a><\/td><\/tr><tr><td class=\"has-text-align-center\" data-align=\"center\">Marcel (Max_Cat_10) Plogmann<\/td><td class=\"has-text-align-center\" data-align=\"center\">4 &#8211; 0<\/td><td class=\"has-text-align-center\" data-align=\"center\">Sabine (Eichh\u00f6rchen63) B\u00fcchner<\/td><td class=\"has-text-align-center\" data-align=\"center\"><a href=\"https:\/\/lidarts.org\/game\/yqhMj_3d\" rel=\"noreferrer noopener\" target=\"_blank\">klick<\/a><\/td><\/tr><tr><td class=\"has-text-align-center\" data-align=\"center\"><\/td><td class=\"has-text-align-center\" data-align=\"center\"><\/td><td class=\"has-text-align-center\" data-align=\"center\"><\/td><td class=\"has-text-align-center\" data-align=\"center\"><\/td><\/tr><tr><td class=\"has-text-align-center\" data-align=\"center\">J\u00fcrgen (Murmel66) B\u00fcchner<\/td><td class=\"has-text-align-center\" data-align=\"center\">2 &#8211; 4<\/td><td class=\"has-text-align-center\" data-align=\"center\">Sabine (Eichh\u00f6rchen63) B\u00fcchner<\/td><td class=\"has-text-align-center\" data-align=\"center\"><a href=\"https:\/\/lidarts.org\/game\/Qzf2Wap1\" rel=\"noreferrer noopener\" target=\"_blank\">klick<\/a><\/td><\/tr><tr><td class=\"has-text-align-center\" data-align=\"center\">Marco (Badboys) Meger<\/td><td class=\"has-text-align-center\" data-align=\"center\">4 &#8211; 1<\/td><td class=\"has-text-align-center\" data-align=\"center\">Florian (fbdeaf) B\u00fcker<\/td><td class=\"has-text-align-center\" data-align=\"center\"><a href=\"https:\/\/lidarts.org\/game\/7rzdR1Sr\" rel=\"noreferrer noopener\" target=\"_blank\">klick<\/a><\/td><\/tr><tr><td class=\"has-text-align-center\" data-align=\"center\">Marcel (Max_Cat_10) Plogmann<\/td><td class=\"has-text-align-center\" data-align=\"center\">3 &#8211; 4<\/td><td class=\"has-text-align-center\" data-align=\"center\">Martin (Maddin82) Hesse<\/td><td class=\"has-text-align-center\" data-align=\"center\"><a href=\"https:\/\/lidarts.org\/game\/5QNC00HK\" rel=\"noreferrer noopener\" target=\"_blank\">klick<\/a><\/td><\/tr><\/tbody><\/table><\/figure>\n\n\n\n<hr class=\"wp-block-separator is-style-wide\"\/>\n\n\n\n<h2 class=\"wp-block-heading\" id=\"headeditor2748\">Platzierung<\/h2>\n\n\n\n<p>Sieger: <a href=\"https:\/\/cms.dgsdart.de\/?page_id=265\" data-type=\"page\" data-id=\"265\">Florian (fbdeaf) B\u00fcker<\/a><\/p>\n\n\n\n<p>Vizemeister: <a href=\"https:\/\/cms.dgsdart.de\/?page_id=263\" data-type=\"page\" data-id=\"263\">Marco (Badboys) Meger<\/a><\/p>\n\n\n\n<p>3 Platz: <a href=\"https:\/\/cms.dgsdart.de\/?page_id=261\" data-type=\"page\" data-id=\"261\">Martin (Maddin82) Hesse<\/a><\/p>\n\n\n\n<p>4 Platz: <a href=\"https:\/\/cms.dgsdart.de\/?page_id=464\" data-type=\"page\" data-id=\"464\">Marcel (Max_Cat_10) Plogmann<\/a><\/p>\n\n\n\n<p>5 Platz: <a href=\"https:\/\/cms.dgsdart.de\/?page_id=462\" data-type=\"page\" data-id=\"462\">Sabine (Eichh\u00f6rnchen63) B\u00fcchner<\/a><\/p>\n\n\n\n<p>6 Platz: <a href=\"https:\/\/cms.dgsdart.de\/?page_id=460\" data-type=\"page\" data-id=\"460\">J\u00fcrgen (Murmel66) B\u00fcchner<\/a><\/p>\n","protected":false},"excerpt":{"rendered":"<p>Gegner Legs Gegner Ergebnisse Hinrunde Martin (Maddin82) Hesse 0 &#8211; 4 Florian (fbdeaf) B\u00fcker klick Marco (Badboys) Meger 4 &#8211; 2 Sabine (Eichh\u00f6rchen63) B\u00fcchner klick Marcel (Max_Cat_10) Plogmann 3 &#8211; 4 J\u00fcrgen (Murmel66) B\u00fcchner klick Sabine (Eichh\u00f6rchen63) B\u00fcchner 2 &#8211; 4 Martin (Maddin82) Hesse klick J\u00fcrgen (Murmel66) B\u00fcchner 1 &#8211; 4 Marco (Badboys) Meger klick&#46;&#46;&#46;<\/p>\n","protected":false},"author":1,"featured_media":0,"parent":99,"menu_order":2,"comment_status":"closed","ping_status":"closed","template":"template-fullwidth.php","meta":{"footnotes":""},"class_list":["post-658","page","type-page","status-publish","hentry"],"_links":{"self":[{"href":"https:\/\/dgsdart.de\/index.php?rest_route=\/wp\/v2\/pages\/658","targetHints":{"allow":["GET"]}}],"collection":[{"href":"https:\/\/dgsdart.de\/index.php?rest_route=\/wp\/v2\/pages"}],"about":[{"href":"https:\/\/dgsdart.de\/index.php?rest_route=\/wp\/v2\/types\/page"}],"author":[{"embeddable":true,"href":"https:\/\/dgsdart.de\/index.php?rest_route=\/wp\/v2\/users\/1"}],"replies":[{"embeddable":true,"href":"https:\/\/dgsdart.de\/index.php?rest_route=%2Fwp%2Fv2%2Fcomments&post=658"}],"version-history":[{"count":0,"href":"https:\/\/dgsdart.de\/index.php?rest_route=\/wp\/v2\/pages\/658\/revisions"}],"up":[{"embeddable":true,"href":"https:\/\/dgsdart.de\/index.php?rest_route=\/wp\/v2\/pages\/99"}],"wp:attachment":[{"href":"https:\/\/dgsdart.de\/index.php?rest_route=%2Fwp%2Fv2%2Fmedia&parent=658"}],"curies":[{"name":"wp","href":"https:\/\/api.w.org\/{rel}","templated":true}]}}