{"id":460,"date":"2021-06-20T14:38:52","date_gmt":"2021-06-20T12:38:52","guid":{"rendered":"https:\/\/cms.dgsdart.de\/?page_id=460"},"modified":"2021-07-02T00:28:40","modified_gmt":"2021-07-01T22:28:40","slug":"juergen-murmel66-buechner","status":"publish","type":"page","link":"https:\/\/dgsdart.de\/?page_id=460","title":{"rendered":"J\u00fcrgen (Murmel66) B\u00fcchner"},"content":{"rendered":"\n<div class=\"wp-block-columns is-layout-flex wp-container-core-columns-is-layout-9d6595d7 wp-block-columns-is-layout-flex\">\n<div class=\"wp-block-column is-layout-flow wp-block-column-is-layout-flow\" style=\"flex-basis:30%\">\n<figure class=\"wp-block-image size-large\"><img loading=\"lazy\" decoding=\"async\" width=\"250\" height=\"300\" src=\"https:\/\/cms.dgsdart.de\/wp-content\/uploads\/2021\/06\/jurgerb.jpg\" alt=\"\" class=\"wp-image-445\"\/><\/figure>\n<\/div>\n\n\n\n<div class=\"wp-block-column is-layout-flow wp-block-column-is-layout-flow\" style=\"flex-basis:120%\">\n<figure class=\"wp-block-table is-style-stripes\"><table><tbody><tr><td>Name:<\/td><td>J\u00fcrgen B\u00fcchner<\/td><\/tr><tr><td>Spitzname:<\/td><td><strong>Murmel66<\/strong><\/td><\/tr><tr><td>Land:<\/td><td>Hamburg<\/td><\/tr><tr><td>Verein:<\/td><td>BSF Bietigheim<\/td><\/tr><tr><td>Nationalit\u00e4t:<\/td><td>Deutschland<\/td><\/tr><tr><td>Darts:<\/td><td>Winmau Sicario 26g<\/td><\/tr><tr><td>Liga:<\/td><td>S-Dart<\/td><\/tr><\/tbody><\/table><\/figure>\n<\/div>\n<\/div>\n\n\n\n<figure class=\"wp-block-table is-style-stripes\"><table><tbody><tr><td>Saisons:<\/td><td>Saison 1 (S-Dart)<br>Saison 5 (S-Dart)<br>Saison 6 (S-Dart)<br>Saison 1 Mannschaft (S-Dart)<br>Saison 7 (S-Dart)<br>SpeedDayDarts 1<br>Saison 8 Liga B (S-Dart)<br>Saison 9 Liga B (S-Dart)<br>Saison 10 (S-Dart)<\/td><\/tr><tr><td>Sieger:<\/td><td>&#8211;<\/td><\/tr><\/tbody><\/table><\/figure>\n\n\n\n<hr class=\"wp-block-separator is-style-wide\"\/>\n\n\n\n<h2 class=\"wp-block-heading\" id=\"headeditor2659\">S-Dart<\/h2>\n\n\n\n<figure class=\"wp-block-table is-style-stripes\"><table><tbody><tr><td>Saison<\/td><td>100+<\/td><td>140+<\/td><td>180s<\/td><\/tr><tr><td><\/td><td><\/td><td><\/td><td><\/td><\/tr><tr><td>Saison 1 (S-Dart)<\/td><td>1<\/td><td>0<\/td><td>0<\/td><\/tr><tr><td>Saison 5 (S-Dart)<\/td><td>6<\/td><td>0<\/td><td>0<\/td><\/tr><tr><td>Saison 6 (S-Dart)<\/td><td>2<\/td><td>0<\/td><td>0<\/td><\/tr><tr><td>Saison 1 Mannschaft (S-Dart)<\/td><td>5<\/td><td>0<\/td><td>0<\/td><\/tr><tr><td>Saison 7 (S-Dart)<\/td><td>5<\/td><td>0<\/td><td>0<\/td><\/tr><tr><td>SpeedDayDarts 1<\/td><td>2<\/td><td>0<\/td><td>0<\/td><\/tr><tr><td>Saison 8 Liga B (S-Dart)<\/td><td>5<\/td><td>1<\/td><td>0<\/td><\/tr><tr><td>Saison 9 Liga B (S-Dart)<\/td><td>5<\/td><td>0<\/td><td>0<\/td><\/tr><tr><td>Saison 10 (S-Dart)<\/td><td>4<\/td><td>0<\/td><td>0<\/td><\/tr><tr><td><\/td><td><\/td><td><\/td><td><\/td><\/tr><tr><td>Gesamt:<\/td><td>35<\/td><td>1<\/td><td>0<\/td><\/tr><\/tbody><\/table><\/figure>\n","protected":false},"excerpt":{"rendered":"<p>Name: J\u00fcrgen B\u00fcchner Spitzname: Murmel66 Land: Hamburg Verein: BSF Bietigheim Nationalit\u00e4t: Deutschland Darts: Winmau Sicario 26g Liga: S-Dart Saisons: Saison 1 (S-Dart)Saison 5 (S-Dart)Saison 6 (S-Dart)Saison 1 Mannschaft (S-Dart)Saison 7 (S-Dart)SpeedDayDarts 1Saison 8 Liga B (S-Dart)Saison 9 Liga B (S-Dart)Saison 10 (S-Dart) Sieger: &#8211; S-Dart Saison 100+ 140+ 180s Saison 1 (S-Dart) 1 0 0&#46;&#46;&#46;<\/p>\n","protected":false},"author":1,"featured_media":0,"parent":192,"menu_order":5,"comment_status":"closed","ping_status":"closed","template":"template-fullwidth.php","meta":{"footnotes":""},"class_list":["post-460","page","type-page","status-publish","hentry"],"_links":{"self":[{"href":"https:\/\/dgsdart.de\/index.php?rest_route=\/wp\/v2\/pages\/460","targetHints":{"allow":["GET"]}}],"collection":[{"href":"https:\/\/dgsdart.de\/index.php?rest_route=\/wp\/v2\/pages"}],"about":[{"href":"https:\/\/dgsdart.de\/index.php?rest_route=\/wp\/v2\/types\/page"}],"author":[{"embeddable":true,"href":"https:\/\/dgsdart.de\/index.php?rest_route=\/wp\/v2\/users\/1"}],"replies":[{"embeddable":true,"href":"https:\/\/dgsdart.de\/index.php?rest_route=%2Fwp%2Fv2%2Fcomments&post=460"}],"version-history":[{"count":0,"href":"https:\/\/dgsdart.de\/index.php?rest_route=\/wp\/v2\/pages\/460\/revisions"}],"up":[{"embeddable":true,"href":"https:\/\/dgsdart.de\/index.php?rest_route=\/wp\/v2\/pages\/192"}],"wp:attachment":[{"href":"https:\/\/dgsdart.de\/index.php?rest_route=%2Fwp%2Fv2%2Fmedia&parent=460"}],"curies":[{"name":"wp","href":"https:\/\/api.w.org\/{rel}","templated":true}]}}