{"id":1256,"date":"2021-08-01T19:28:13","date_gmt":"2021-08-01T17:28:13","guid":{"rendered":"https:\/\/cms.dgsdart.de\/?page_id=1256"},"modified":"2021-10-13T20:55:18","modified_gmt":"2021-10-13T18:55:18","slug":"saison-11-s-dart","status":"publish","type":"page","link":"https:\/\/dgsdart.de\/?page_id=1256","title":{"rendered":"Saison 11 (S-Dart)"},"content":{"rendered":"\n<figure class=\"wp-block-table is-style-regular\"><table><tbody><tr><td class=\"has-text-align-center\" data-align=\"center\">Gruppe A<\/td><td class=\"has-text-align-center\" data-align=\"center\">Gegner<\/td><td class=\"has-text-align-center\" data-align=\"center\">Legs<\/td><td class=\"has-text-align-center\" data-align=\"center\">Gegner<\/td><td class=\"has-text-align-center\" data-align=\"center\">Runde<\/td><td class=\"has-text-align-center\" data-align=\"center\">Ergebnisse<\/td><\/tr><tr><td class=\"has-text-align-center\" data-align=\"center\">A<\/td><td class=\"has-text-align-center\" data-align=\"center\">Martin (Maddin82)<\/td><td class=\"has-text-align-center\" data-align=\"center\">5 : 4<\/td><td class=\"has-text-align-center\" data-align=\"center\">J\u00f6rg (Coolboydeaf)<\/td><td class=\"has-text-align-center\" data-align=\"center\">1<\/td><td class=\"has-text-align-center\" data-align=\"center\"><a href=\"https:\/\/lidarts.org\/game\/WnrsZB7B\" target=\"_blank\" rel=\"noreferrer noopener\">links<\/a><\/td><\/tr><tr><td class=\"has-text-align-center\" data-align=\"center\">A<\/td><td class=\"has-text-align-center\" data-align=\"center\">Stephan (Erdbeerherzchen)<\/td><td class=\"has-text-align-center\" data-align=\"center\">5 : 2<\/td><td class=\"has-text-align-center\" data-align=\"center\">Bj\u00f6rn (Bjo28)<\/td><td class=\"has-text-align-center\" data-align=\"center\">2<\/td><td class=\"has-text-align-center\" data-align=\"center\"><a href=\"https:\/\/lidarts.org\/game\/RdsrP5yq\" target=\"_blank\" rel=\"noreferrer noopener\">links<\/a><\/td><\/tr><tr><td class=\"has-text-align-center\" data-align=\"center\">A<\/td><td class=\"has-text-align-center\" data-align=\"center\">Martin (Maddin82)<\/td><td class=\"has-text-align-center\" data-align=\"center\">5 : 4<\/td><td class=\"has-text-align-center\" data-align=\"center\">Stephan (Erdbeerherzchen)<\/td><td class=\"has-text-align-center\" data-align=\"center\">3<\/td><td class=\"has-text-align-center\" data-align=\"center\"><a href=\"https:\/\/lidarts.org\/game\/8xyzh1M1\" target=\"_blank\" rel=\"noreferrer noopener\">links<\/a><\/td><\/tr><tr><td class=\"has-text-align-center\" data-align=\"center\">A<\/td><td class=\"has-text-align-center\" data-align=\"center\">Bj\u00f6rn (Bjo28)<\/td><td class=\"has-text-align-center\" data-align=\"center\">2 : 5<\/td><td class=\"has-text-align-center\" data-align=\"center\">J\u00f6rg (Coolboydeaf)<\/td><td class=\"has-text-align-center\" data-align=\"center\">4<\/td><td class=\"has-text-align-center\" data-align=\"center\"><a href=\"https:\/\/lidarts.org\/game\/RTefv7bc\" target=\"_blank\" rel=\"noreferrer noopener\">links<\/a><\/td><\/tr><tr><td class=\"has-text-align-center\" data-align=\"center\">A<\/td><td class=\"has-text-align-center\" data-align=\"center\">Bj\u00f6rn (Bjo28)<\/td><td class=\"has-text-align-center\" data-align=\"center\">1 : 5<\/td><td class=\"has-text-align-center\" data-align=\"center\">Martin (Maddin82)<\/td><td class=\"has-text-align-center\" data-align=\"center\">5<\/td><td class=\"has-text-align-center\" data-align=\"center\"><a href=\"https:\/\/lidarts.org\/game\/_YgIIOln\" target=\"_blank\" rel=\"noreferrer noopener\">links<\/a><\/td><\/tr><tr><td class=\"has-text-align-center\" data-align=\"center\">A<\/td><td class=\"has-text-align-center\" data-align=\"center\">J\u00f6rg (Coolboydeaf)<\/td><td class=\"has-text-align-center\" data-align=\"center\">5 : 2<\/td><td class=\"has-text-align-center\" data-align=\"center\">Stephan (Erdbeerherzchen)<\/td><td class=\"has-text-align-center\" data-align=\"center\">6<\/td><td class=\"has-text-align-center\" data-align=\"center\"><a href=\"https:\/\/lidarts.org\/game\/5idtbdHA\" target=\"_blank\" rel=\"noreferrer noopener\">links<\/a><\/td><\/tr><tr><td class=\"has-text-align-center\" data-align=\"center\"><\/td><td class=\"has-text-align-center\" data-align=\"center\"><\/td><td class=\"has-text-align-center\" data-align=\"center\"><\/td><td class=\"has-text-align-center\" data-align=\"center\"><\/td><td class=\"has-text-align-center\" data-align=\"center\"><\/td><td class=\"has-text-align-center\" data-align=\"center\"><\/td><\/tr><tr><td class=\"has-text-align-center\" data-align=\"center\">Gruppe B<\/td><td class=\"has-text-align-center\" data-align=\"center\">Gegner<\/td><td class=\"has-text-align-center\" data-align=\"center\">Legs<\/td><td class=\"has-text-align-center\" data-align=\"center\">Gegner<\/td><td class=\"has-text-align-center\" data-align=\"center\">Runde<\/td><td class=\"has-text-align-center\" data-align=\"center\">Ergebnisse<\/td><\/tr><tr><td class=\"has-text-align-center\" data-align=\"center\">B<\/td><td class=\"has-text-align-center\" data-align=\"center\">Beate (Dart_77)<\/td><td class=\"has-text-align-center\" data-align=\"center\">1 : 5<\/td><td class=\"has-text-align-center\" data-align=\"center\">Tommy (HSV-Toschi)<\/td><td class=\"has-text-align-center\" data-align=\"center\">1<\/td><td class=\"has-text-align-center\" data-align=\"center\"><a href=\"https:\/\/lidarts.org\/game\/mvcb_f9j\" target=\"_blank\" rel=\"noreferrer noopener\">links<\/a><\/td><\/tr><tr><td class=\"has-text-align-center\" data-align=\"center\">B<\/td><td class=\"has-text-align-center\" data-align=\"center\">Marco (Badboys)<\/td><td class=\"has-text-align-center\" data-align=\"center\">5 : 4<\/td><td class=\"has-text-align-center\" data-align=\"center\">Dieter (The Schrotti)<\/td><td class=\"has-text-align-center\" data-align=\"center\">2<\/td><td class=\"has-text-align-center\" data-align=\"center\"><a href=\"https:\/\/lidarts.org\/game\/TS5g58RT\" target=\"_blank\" rel=\"noreferrer noopener\">links<\/a><\/td><\/tr><tr><td class=\"has-text-align-center\" data-align=\"center\">B<\/td><td class=\"has-text-align-center\" data-align=\"center\">Beate (Dart_77)<\/td><td class=\"has-text-align-center\" data-align=\"center\">1 : 5<\/td><td class=\"has-text-align-center\" data-align=\"center\">Marco (Badboys)<\/td><td class=\"has-text-align-center\" data-align=\"center\">3<\/td><td class=\"has-text-align-center\" data-align=\"center\"><a href=\"https:\/\/lidarts.org\/game\/LpnVCrjU\" target=\"_blank\" rel=\"noreferrer noopener\">links<\/a><\/td><\/tr><tr><td class=\"has-text-align-center\" data-align=\"center\">B<\/td><td class=\"has-text-align-center\" data-align=\"center\">Dieter (The Schrotti)<\/td><td class=\"has-text-align-center\" data-align=\"center\">3 : 5<\/td><td class=\"has-text-align-center\" data-align=\"center\">Tommy (HSV-Toschi)<\/td><td class=\"has-text-align-center\" data-align=\"center\">4<\/td><td class=\"has-text-align-center\" data-align=\"center\"><a href=\"https:\/\/lidarts.org\/game\/G824Jq2b\" target=\"_blank\" rel=\"noreferrer noopener\">links<\/a><\/td><\/tr><tr><td class=\"has-text-align-center\" data-align=\"center\">B<\/td><td class=\"has-text-align-center\" data-align=\"center\">Dieter (The Schrotti)<\/td><td class=\"has-text-align-center\" data-align=\"center\">5 : 1<\/td><td class=\"has-text-align-center\" data-align=\"center\">Beate (Dart_77)<\/td><td class=\"has-text-align-center\" data-align=\"center\">5<\/td><td class=\"has-text-align-center\" data-align=\"center\"><a href=\"https:\/\/lidarts.org\/game\/d__hSpqZ\" target=\"_blank\" rel=\"noreferrer noopener\">links<\/a><\/td><\/tr><tr><td class=\"has-text-align-center\" data-align=\"center\">B<\/td><td class=\"has-text-align-center\" data-align=\"center\">Tommy (HSV-Toschi)<\/td><td class=\"has-text-align-center\" data-align=\"center\">2 : 5<\/td><td class=\"has-text-align-center\" data-align=\"center\">Marco (Badboys)<\/td><td class=\"has-text-align-center\" data-align=\"center\">6<\/td><td class=\"has-text-align-center\" data-align=\"center\"><a href=\"https:\/\/lidarts.org\/game\/t5PWuZzg\" target=\"_blank\" rel=\"noreferrer noopener\">links<\/a><\/td><\/tr><tr><td class=\"has-text-align-center\" data-align=\"center\"><\/td><td class=\"has-text-align-center\" data-align=\"center\"><\/td><td class=\"has-text-align-center\" data-align=\"center\"><\/td><td class=\"has-text-align-center\" data-align=\"center\"><\/td><td class=\"has-text-align-center\" data-align=\"center\"><\/td><td class=\"has-text-align-center\" data-align=\"center\"><\/td><\/tr><tr><td class=\"has-text-align-center\" data-align=\"center\">Viertelfinale<\/td><td class=\"has-text-align-center\" data-align=\"center\">Gegner<\/td><td class=\"has-text-align-center\" data-align=\"center\">Legs<\/td><td class=\"has-text-align-center\" data-align=\"center\">Gegner<\/td><td class=\"has-text-align-center\" data-align=\"center\">Runde<\/td><td class=\"has-text-align-center\" data-align=\"center\">Ergebnisse<\/td><\/tr><tr><td class=\"has-text-align-center\" data-align=\"center\">1<\/td><td class=\"has-text-align-center\" data-align=\"center\">Martin (Maddin82)<\/td><td class=\"has-text-align-center\" data-align=\"center\">6 : 0<\/td><td class=\"has-text-align-center\" data-align=\"center\">Beate (Dart_77)<\/td><td class=\"has-text-align-center\" data-align=\"center\">1<\/td><td class=\"has-text-align-center\" data-align=\"center\"><a href=\"https:\/\/lidarts.org\/game\/CaMrLWcu\" target=\"_blank\" rel=\"noreferrer noopener\">links<\/a><\/td><\/tr><tr><td class=\"has-text-align-center\" data-align=\"center\">2<\/td><td class=\"has-text-align-center\" data-align=\"center\">Tommy (HSV-Toschi)<\/td><td class=\"has-text-align-center\" data-align=\"center\">6 : 1<\/td><td class=\"has-text-align-center\" data-align=\"center\">Stephan (Erdbeerherzchen)<\/td><td class=\"has-text-align-center\" data-align=\"center\">2<\/td><td class=\"has-text-align-center\" data-align=\"center\"><a href=\"https:\/\/lidarts.org\/game\/z-EF4y-V\" target=\"_blank\" rel=\"noreferrer noopener\">links<\/a><\/td><\/tr><tr><td class=\"has-text-align-center\" data-align=\"center\">3<\/td><td class=\"has-text-align-center\" data-align=\"center\">Marco (Badboys)<\/td><td class=\"has-text-align-center\" data-align=\"center\">6 : 1<\/td><td class=\"has-text-align-center\" data-align=\"center\">Bj\u00f6rn (Bjo28)<\/td><td class=\"has-text-align-center\" data-align=\"center\">3<\/td><td class=\"has-text-align-center\" data-align=\"center\"><a href=\"https:\/\/lidarts.org\/game\/Tu2KP17z\" target=\"_blank\" rel=\"noreferrer noopener\">links<\/a><\/td><\/tr><tr><td class=\"has-text-align-center\" data-align=\"center\">4<\/td><td class=\"has-text-align-center\" data-align=\"center\">J\u00f6rg (Coolboydeaf)<\/td><td class=\"has-text-align-center\" data-align=\"center\">2 : 6<\/td><td class=\"has-text-align-center\" data-align=\"center\">Dieter (The Schrotti)<\/td><td class=\"has-text-align-center\" data-align=\"center\">4<\/td><td class=\"has-text-align-center\" data-align=\"center\"><a href=\"https:\/\/lidarts.org\/game\/J8SyU5Qk\" target=\"_blank\" rel=\"noreferrer noopener\">links<\/a><\/td><\/tr><tr><td class=\"has-text-align-center\" data-align=\"center\"><\/td><td class=\"has-text-align-center\" data-align=\"center\"><\/td><td class=\"has-text-align-center\" data-align=\"center\"><\/td><td class=\"has-text-align-center\" data-align=\"center\"><\/td><td class=\"has-text-align-center\" data-align=\"center\"><\/td><td class=\"has-text-align-center\" data-align=\"center\"><\/td><\/tr><tr><td class=\"has-text-align-center\" data-align=\"center\">Halbfinale<\/td><td class=\"has-text-align-center\" data-align=\"center\">Gegner<\/td><td class=\"has-text-align-center\" data-align=\"center\">Legs<\/td><td class=\"has-text-align-center\" data-align=\"center\">Gegner<\/td><td class=\"has-text-align-center\" data-align=\"center\">Runde<\/td><td class=\"has-text-align-center\" data-align=\"center\">Ergebnisse<\/td><\/tr><tr><td class=\"has-text-align-center\" data-align=\"center\">1<\/td><td class=\"has-text-align-center\" data-align=\"center\">Martin (Maddin82)<\/td><td class=\"has-text-align-center\" data-align=\"center\">3 : 7<\/td><td class=\"has-text-align-center\" data-align=\"center\">Tommy (HSV-Toschi)<\/td><td class=\"has-text-align-center\" data-align=\"center\">1<\/td><td class=\"has-text-align-center\" data-align=\"center\"><a href=\"https:\/\/lidarts.org\/game\/rEuH-Q8x\" target=\"_blank\" rel=\"noreferrer noopener\">links<\/a><\/td><\/tr><tr><td class=\"has-text-align-center\" data-align=\"center\">2<\/td><td class=\"has-text-align-center\" data-align=\"center\">Marco (Badboys)<\/td><td class=\"has-text-align-center\" data-align=\"center\">3 : 7<\/td><td class=\"has-text-align-center\" data-align=\"center\">Dieter (The Schrotti)<\/td><td class=\"has-text-align-center\" data-align=\"center\">2<\/td><td class=\"has-text-align-center\" data-align=\"center\"><a href=\"https:\/\/lidarts.org\/game\/eC6zT71e\" target=\"_blank\" rel=\"noreferrer noopener\">links<\/a><\/td><\/tr><tr><td class=\"has-text-align-center\" data-align=\"center\"><\/td><td class=\"has-text-align-center\" data-align=\"center\"><\/td><td class=\"has-text-align-center\" data-align=\"center\"><\/td><td class=\"has-text-align-center\" data-align=\"center\"><\/td><td class=\"has-text-align-center\" data-align=\"center\"><\/td><td class=\"has-text-align-center\" data-align=\"center\"><\/td><\/tr><tr><td class=\"has-text-align-center\" data-align=\"center\">Finale<\/td><td class=\"has-text-align-center\" data-align=\"center\">Gegner<\/td><td class=\"has-text-align-center\" data-align=\"center\">Legs<\/td><td class=\"has-text-align-center\" data-align=\"center\">Gegner<\/td><td class=\"has-text-align-center\" data-align=\"center\">Runde<\/td><td class=\"has-text-align-center\" data-align=\"center\">Ergebnisse<\/td><\/tr><tr><td class=\"has-text-align-center\" data-align=\"center\">&#8211;<\/td><td class=\"has-text-align-center\" data-align=\"center\">Tommy (HSV-Toschi)<\/td><td class=\"has-text-align-center\" data-align=\"center\">6 : 8<\/td><td class=\"has-text-align-center\" data-align=\"center\">Dieter (The Schrotti)<\/td><td class=\"has-text-align-center\" data-align=\"center\">1<\/td><td class=\"has-text-align-center\" data-align=\"center\"><a href=\"https:\/\/lidarts.org\/game\/bFZ28rTE\" data-type=\"URL\" data-id=\"https:\/\/lidarts.org\/game\/bFZ28rTE\" target=\"_blank\" rel=\"noreferrer noopener\">links<\/a><\/td><\/tr><\/tbody><\/table><\/figure>\n\n\n\n<hr class=\"wp-block-separator is-style-wide\"\/>\n\n\n\n<h2 class=\"wp-block-heading\"><strong>Platzierung<\/strong><\/h2>\n\n\n\n<p>Sieger: Dieter (The Schrotti) Schr\u00f6ders<\/p>\n\n\n\n<p>Vizemeister: Thomas (HSV-Toschi) Schiefer<\/p>\n\n\n\n<p><\/p>\n\n\n\n<hr class=\"wp-block-separator is-style-wide\"\/>\n\n\n\n<h2 class=\"wp-block-heading\">Teilnehmer\/in<\/h2>\n\n\n\n<figure class=\"wp-block-table is-style-stripes\"><table><tbody><tr><td>Gruppe A<\/td><td>Gruppe B<\/td><\/tr><tr><td><a href=\"https:\/\/dgsdart.de\/?page_id=261\" data-type=\"page\" data-id=\"261\">Martin (Maddin82) Hesse<\/a><\/td><td><a href=\"https:\/\/dgsdart.de\/?page_id=263\" data-type=\"page\" data-id=\"263\">Marco (Badboys) Meger<\/a><\/td><\/tr><tr><td><a href=\"https:\/\/dgsdart.de\/?page_id=259\" data-type=\"page\" data-id=\"259\">J\u00f6rg (Coolboydeaf) Bernshausen<\/a><\/td><td><a href=\"https:\/\/dgsdart.de\/?page_id=480\" data-type=\"page\" data-id=\"480\">Thomas (HSV-Toschi) Schiefer<\/a><\/td><\/tr><tr><td><a href=\"https:\/\/dgsdart.de\/?page_id=468\" data-type=\"page\" data-id=\"468\">Stephan (Erdbeerherzchen) Prei\u00df<\/a><\/td><td><a href=\"https:\/\/dgsdart.de\/?page_id=484\" data-type=\"page\" data-id=\"484\">Dieter (The Schrotti) Schr\u00f6ders<\/a><\/td><\/tr><tr><td><a href=\"https:\/\/dgsdart.de\/?page_id=482\" data-type=\"page\" data-id=\"482\">Bj\u00f6rn (Bjo28) K\u00e4ller<\/a><\/td><td><a href=\"https:\/\/dgsdart.de\/?page_id=490\" data-type=\"page\" data-id=\"490\">Beate (Dart_77) Heil<\/a><\/td><\/tr><\/tbody><\/table><\/figure>\n\n\n\n<hr class=\"wp-block-separator is-style-wide\"\/>\n\n\n\n<h2 class=\"wp-block-heading\">Best High Score<\/h2>\n\n\n\n<figure class=\"wp-block-table is-style-stripes\"><table><tbody><tr><td><strong>Liste<\/strong><\/td><td><strong>100+<\/strong><\/td><td><strong>140+<\/strong><\/td><td><strong>180s<\/strong><\/td><\/tr><tr><td>Martin (Maddin82) Hesse<\/td><td>22<\/td><td>3<\/td><td>0<\/td><\/tr><tr><td>J\u00f6rg (Coolboydeaf) Bernshausen<\/td><td>7<\/td><td>0<\/td><td>0<\/td><\/tr><tr><td>Stephan (Erdbeerherzchen) Prei\u00df<\/td><td>11<\/td><td>1<\/td><td>0<\/td><\/tr><tr><td>Bj\u00f6rn (Bjo28) K\u00e4ller<\/td><td>11<\/td><td>2<\/td><td>0<\/td><\/tr><tr><td>Marco (Badboys) Meger<\/td><td>19<\/td><td>5<\/td><td>1<\/td><\/tr><tr><td>Tommy (HSV-Toschi) Schiefer<\/td><td>23<\/td><td>0<\/td><td>0<\/td><\/tr><tr><td>Dieter (The Schrotti) Schr\u00f6ders<\/td><td>31<\/td><td>4<\/td><td>1<\/td><\/tr><tr><td>Beate (Dart_77) Heil<\/td><td>3<\/td><td>1<\/td><td>0<\/td><\/tr><\/tbody><\/table><\/figure>\n","protected":false},"excerpt":{"rendered":"<p>Gruppe A Gegner Legs Gegner Runde Ergebnisse A Martin (Maddin82) 5 : 4 J\u00f6rg (Coolboydeaf) 1 links A Stephan (Erdbeerherzchen) 5 : 2 Bj\u00f6rn (Bjo28) 2 links A Martin (Maddin82) 5 : 4 Stephan (Erdbeerherzchen) 3 links A Bj\u00f6rn (Bjo28) 2 : 5 J\u00f6rg (Coolboydeaf) 4 links A Bj\u00f6rn (Bjo28) 1 : 5 Martin (Maddin82)&#46;&#46;&#46;<\/p>\n","protected":false},"author":1,"featured_media":0,"parent":99,"menu_order":11,"comment_status":"closed","ping_status":"closed","template":"","meta":{"footnotes":""},"class_list":["post-1256","page","type-page","status-publish","hentry"],"_links":{"self":[{"href":"https:\/\/dgsdart.de\/index.php?rest_route=\/wp\/v2\/pages\/1256","targetHints":{"allow":["GET"]}}],"collection":[{"href":"https:\/\/dgsdart.de\/index.php?rest_route=\/wp\/v2\/pages"}],"about":[{"href":"https:\/\/dgsdart.de\/index.php?rest_route=\/wp\/v2\/types\/page"}],"author":[{"embeddable":true,"href":"https:\/\/dgsdart.de\/index.php?rest_route=\/wp\/v2\/users\/1"}],"replies":[{"embeddable":true,"href":"https:\/\/dgsdart.de\/index.php?rest_route=%2Fwp%2Fv2%2Fcomments&post=1256"}],"version-history":[{"count":0,"href":"https:\/\/dgsdart.de\/index.php?rest_route=\/wp\/v2\/pages\/1256\/revisions"}],"up":[{"embeddable":true,"href":"https:\/\/dgsdart.de\/index.php?rest_route=\/wp\/v2\/pages\/99"}],"wp:attachment":[{"href":"https:\/\/dgsdart.de\/index.php?rest_route=%2Fwp%2Fv2%2Fmedia&parent=1256"}],"curies":[{"name":"wp","href":"https:\/\/api.w.org\/{rel}","templated":true}]}}